{"id":92,"date":"2023-06-08T11:41:15","date_gmt":"2023-06-08T09:41:15","guid":{"rendered":"https:\/\/bodyvationcoachingdk.wordpress.com\/?page_id=28"},"modified":"2023-12-18T09:54:33","modified_gmt":"2023-12-18T09:54:33","slug":"priser-2","status":"publish","type":"page","link":"https:\/\/bodyvation-coaching.dk\/index.php\/priser-2\/","title":{"rendered":"Personlig Tr\u00e6ning Priser"},"content":{"rendered":"\n<h2 class=\"wp-block-heading has-text-align-center\">Priser<\/h2>\n\n\n\n<p class=\"has-text-align-center\"><strong>F\u00d8RSTE KONSULTATION\u2026..\u2026GRATIS!<\/strong><\/p>\n\n\n\n<p class=\"has-text-align-center\"><strong>F\u00d8RSTE Fit3D SCANNING\u2026\u2026GRATIS!<\/strong><\/p>\n\n\n\n<p class=\"has-text-align-center\"><strong><a href=\"https:\/\/bodyvationgymcph.simplybook.it\/v2\/#book\/service\/34\"><span class=\"highlight\">PERSONLIG TR\u00c6NING..\u2026\u2026\u2026600,-<\/span><\/a><\/strong><\/p>\n\n\n\n<p class=\"has-text-align-center\"><strong><a href=\"https:\/\/bodyvationgymcph.simplybook.it\/v2\/#book\/service\/3\"><span class=\"highlight\">FIT3D SCANNING\u2026\u2026\u2026\u2026\u2026\u2026..350,-<\/span><\/a><\/strong><\/p>\n\n\n\n<p class=\"has-text-align-center\"><strong>3 FOR 2 SCANS\u2026\u2026\u2026\u2026\u2026\u2026&#8230;700,-<\/strong><\/p>\n\n\n\n<p class=\"has-text-align-center\">            <strong>6 FIT3D SCANS\u2026\u2026\u2026\u2026.1.350,-\u00a0\u00a0\u00a0\u00a0\u00a0\u00a0\u00a0\u00a0\u00a0\u00a0\u00a0<\/strong><\/p>\n\n\n\n<p class=\"has-text-align-center\"><strong>1 \u00c5RS SCANS (12 STK)&#8230;&#8230;&#8230;2.580,-<\/strong><\/p>\n\n\n\n<p class=\"has-text-align-center\"><strong><a href=\"https:\/\/bodyvationgymcph.simplybook.it\/v2\/#book\/service\/30\"><span class=\"highlight\">KOST-<\/span><\/a><a href=\"https:\/\/bodyvationgymcph.simplybook.it\/v2\/#book\/service\/31\"><span class=\"highlight\">\/TR\u00c6NINGSPLAN\u2026\u2026..1.200,-<\/span><\/a><\/strong><\/p>\n\n\n\n<p class=\"has-text-align-center\"><strong><a href=\"https:\/\/bodyvationgymcph.simplybook.it\/v2\/#book\/service\/32\"><span class=\"highlight\">OPF\u00d8LGNING AF PLAN\u2026\u2026\u2026.500,-<\/span><\/a><\/strong><\/p>\n\n\n\n<p class=\"has-text-align-center\"><strong>PLANER INKL OPF\u00d8LG\u2026\u2026&#8230;1.500,-<\/strong><\/p>\n\n\n\n<p class=\"has-text-align-center\"><strong>TILSKUD-\/SNACK GUIDE\u2026\u2026\u2026300,-<\/strong><\/p>\n\n\n\n<hr class=\"wp-block-separator has-alpha-channel-opacity is-style-default\"\/>\n\n\n\n<p class=\"has-text-align-center\"><strong><span style=\"text-decoration: underline\">STANDARD FORL\u00d8B<\/span>*:<\/strong><br>*<sub>Vi finde altid en l\u00f8sning&#8230; men du sparer, ved \u00e9ngangsbel\u00f8b.<\/sub><\/p>\n\n\n\n<p class=\"has-text-align-center\"><strong>3\/6\/12 M\u00e5neds Forl\u00f8b\u2026\u2026.fra&nbsp; 15.000,-<\/strong><\/p>\n\n\n\n<p class=\"has-text-align-center\"><strong><span style=\"text-decoration: underline;\"><a href=\"https:\/\/bodyvationgymcph.simplybook.it\/v2\/#book\/service\/33\"><span class=\"highlight\">BASIS FORL\u00d8B P\u00c5 ABONNEMENT:<\/span><\/a><\/span><\/strong><br>(min. 6mdr)<\/p>\n\n\n\n<p class=\"has-text-align-center\"><strong>Per m\u00e5ned\u2026\u2026\u2026\u2026\u2026\u20261.500,-*<\/strong><\/p>\n\n\n\n<p class=\"has-text-align-center\"><strong><em><a href=\"https:\/\/bodyvationgymcph.simplybook.it\/v2\/#book\/service\/33\"><span class=\"highlight\">*opstart: 4.000,-<\/span><\/a><\/em><\/strong><\/p>\n\n\n\n<div id=\"wp-block-themeisle-blocks-font-awesome-icons-4935b299\" class=\"wp-block-themeisle-blocks-font-awesome-icons\"><span class=\"wp-block-themeisle-blocks-font-awesome-icons-container\"><i class=\"fab fa-themeisle\"><\/i><\/span><\/div>\n\n\n\n<p class=\"has-text-align-center\"><a href=\"mailto:kontakt@bodyvation-coaching.dk\">Send os en <strong><span class=\"highlight\">MAIL<\/span><\/strong><\/a><br><a href=\"https:\/\/bodyvationgymcph.simplybook.it\/v2\/#book\/service\/13\"><strong><span class=\"highlight\">BOOK <\/span><\/strong>GRATIS KONSULTATION<\/a><br><a href=\"https:\/\/www.fit3d.com\/\">Hvad er <strong><span class=\"highlight\">FIT3D<\/span><\/strong>?<\/a><\/p>\n\n\n<p class=\"has-text-align-center\" style=\"text-align: center;\">Vi ved det er en investering at tage h\u00e5nd om sin sundhed med en personlig tr\u00e6ner. Men vi ved ogs\u00e5 at selv top atleter ikke ville v\u00e6re der hvor de er uden \u00e9n eller flere coaches.\u00a0<br \/>Din investering i os er personlig. Det er en tillidserkl\u00e6ring vi ikke tager for givet og kvitterer med den st\u00f8rste taknemmelighed. Derfor kan du forvente en personlig, empatisk, men alligevel &#8220;no-bullshit&#8221; coaching.\u00a0<\/p>\n<p style=\"text-align: center;\">Vi ved du forventer stort af os, men vi forventer ogs\u00e5 stort af dig!<\/p>\n<p style=\"text-align: center;\"><!-- \/wp:post-content --> <!-- wp:paragraph {\"align\":\"center\"} --><\/p>\n<p class=\"has-text-align-center\" style=\"text-align: center;\">Vi bestr\u00e6ber os p\u00e5 at levere enest\u00e5ende kundeservice og support gennem hele din rejse med os. Vi er altid klar til at hj\u00e6lpe dig med eventuelle sp\u00f8rgsm\u00e5l eller bekymringer, du m\u00e5tte have. Tillid og tryghed er noget man g\u00f8r sig fortjent til og hos os er du i gode h\u00e6nder HELE vejen!<\/p>\n<p style=\"text-align: center;\"><!-- \/wp:paragraph --> <!-- wp:paragraph {\"align\":\"center\"} --><\/p>\n<p class=\"has-text-align-center\" style=\"text-align: center;\">Bem\u00e6rk venligst, at priserne p\u00e5 vores hjemmeside kan \u00e6ndre sig, og vi anbefaler at kontakte os direkte for den mest opdaterede information.<\/p>\n<p class=\"has-text-align-center\" style=\"text-align: center;\">Vi forpligter os til altid at give gennemskuelige og simple priss\u00e6tninger, og vi vil altid gerne give dig en god rabat, hvis i kommer flere p\u00e5 \u00e9n gang eller du anbefaler os til en ven, der s\u00e5 bliver kunde hos os.<\/p>\n<p style=\"text-align: center;\"><!-- \/wp:paragraph --> <!-- wp:paragraph {\"align\":\"center\"} --><\/p>\n<p class=\"has-text-align-center\" style=\"text-align: center;\">Tak fordi du overvejer os til at n\u00e5 dine m\u00e5l.<\/p>\n<p class=\"has-text-align-center\" style=\"text-align: center;\">Vi gl\u00e6der os til at hj\u00e6lpe dig og levere den bedste v\u00e6rdi muligt.\u00a0<\/p>\n<p class=\"has-text-align-center\" style=\"text-align: center;\">Hvis du har yderligere sp\u00f8rgsm\u00e5l, er du velkommen til at kontakte os.<\/p>\n<p class=\"has-text-align-center\" style=\"text-align: center;\">&#8220;Vi har dig d\u00e6kket!&#8221;<\/p>\n<p style=\"text-align: center;\"><!-- \/wp:paragraph --> <!-- wp:paragraph {\"align\":\"center\"} --><\/p>\n<p class=\"has-text-align-center\" style=\"text-align: center;\">Angelina &amp; Steve<\/p>","protected":false},"excerpt":{"rendered":"<p>Priser F\u00d8RSTE KONSULTATION\u2026..\u2026GRATIS! F\u00d8RSTE Fit3D SCANNING\u2026\u2026GRATIS! PERSONLIG TR\u00c6NING..\u2026\u2026\u2026600,- FIT3D SCANNING\u2026\u2026\u2026\u2026\u2026\u2026..350,- 3 FOR 2 SCANS\u2026\u2026\u2026\u2026\u2026\u2026&#8230;700,- 6 FIT3D SCANS\u2026\u2026\u2026\u2026.1.350,-\u00a0\u00a0\u00a0\u00a0\u00a0\u00a0\u00a0\u00a0\u00a0\u00a0\u00a0 1 \u00c5RS SCANS (12 STK)&#8230;&#8230;&#8230;2.580,- KOST-\/TR\u00c6NINGSPLAN\u2026\u2026..1.200,- OPF\u00d8LGNING AF PLAN\u2026\u2026\u2026.500,- PLANER INKL OPF\u00d8LG\u2026\u2026&#8230;1.500,- TILSKUD-\/SNACK GUIDE\u2026\u2026\u2026300,- STANDARD FORL\u00d8B*:*Vi finde altid en l\u00f8sning&#8230; men du sparer, ved \u00e9ngangsbel\u00f8b. 3\/6\/12 M\u00e5neds Forl\u00f8b\u2026\u2026.fra&nbsp; 15.000,- BASIS FORL\u00d8B P\u00c5 ABONNEMENT:(min. 6mdr) Per m\u00e5ned\u2026\u2026\u2026\u2026\u2026\u20261.500,-* *opstart: 4.000,- [&hellip;]<\/p>\n","protected":false},"author":1,"featured_media":0,"parent":0,"menu_order":0,"comment_status":"closed","ping_status":"closed","template":"","meta":{"_themeisle_gutenberg_block_has_review":false,"footnotes":""},"class_list":["post-92","page","type-page","status-publish","hentry"],"aioseo_notices":[],"_links":{"self":[{"href":"https:\/\/bodyvation-coaching.dk\/index.php\/wp-json\/wp\/v2\/pages\/92","targetHints":{"allow":["GET"]}}],"collection":[{"href":"https:\/\/bodyvation-coaching.dk\/index.php\/wp-json\/wp\/v2\/pages"}],"about":[{"href":"https:\/\/bodyvation-coaching.dk\/index.php\/wp-json\/wp\/v2\/types\/page"}],"author":[{"embeddable":true,"href":"https:\/\/bodyvation-coaching.dk\/index.php\/wp-json\/wp\/v2\/users\/1"}],"replies":[{"embeddable":true,"href":"https:\/\/bodyvation-coaching.dk\/index.php\/wp-json\/wp\/v2\/comments?post=92"}],"version-history":[{"count":14,"href":"https:\/\/bodyvation-coaching.dk\/index.php\/wp-json\/wp\/v2\/pages\/92\/revisions"}],"predecessor-version":[{"id":281,"href":"https:\/\/bodyvation-coaching.dk\/index.php\/wp-json\/wp\/v2\/pages\/92\/revisions\/281"}],"wp:attachment":[{"href":"https:\/\/bodyvation-coaching.dk\/index.php\/wp-json\/wp\/v2\/media?parent=92"}],"curies":[{"name":"wp","href":"https:\/\/api.w.org\/{rel}","templated":true}]}}